{"id":24,"date":"2016-10-11T15:04:53","date_gmt":"2016-10-11T15:04:53","guid":{"rendered":"http:\/\/igc.org.ar\/prier\/?page_id=24"},"modified":"2016-10-11T15:15:59","modified_gmt":"2016-10-11T15:15:59","slug":"socios-del-proyecto","status":"publish","type":"page","link":"https:\/\/igc.org.ar\/prier\/socios-del-proyecto\/","title":{"rendered":"SOCIOS DEL PROYECTO"},"content":{"rendered":"<div class=\"section-full-width section-light\" style=\"background-color:#FFFFFF;\" id=\"sociosdelproyecto\"><div class=\"section-boxed\" style=\"color:#575757;\"><h2 class=\"section-title\" style=\"color:#575757;\">SOCIOS DEL PROYECTO<\/h2><div class=\"services-wrapper services-icon cols-wrapper cols-4\"><div class=\"services-box col\"><a href=\"http:\/\/www.celar.com.ar\" target=\"_blank\"><div class=\"img-container\"><img src=\"http:\/\/igc.org.ar\/prier\/wp-content\/uploads\/2016\/10\/COOPE-130x130.png\" alt=\"COOPERATIVA DE PROVISI\u00d3N DE OBRAS Y SERVICIOS P\u00daBLICOS Y CR\u00c9DITO LTDA. DE ARMSTRONG\"\/><\/div><\/a><div class=\"services-content\"><div class=\"sc-wraper\"><h3><a href=\"http:\/\/www.celar.com.ar\" target=\"_blank\">COOPERATIVA DE PROVISI\u00d3N DE OBRAS Y SERVICIOS P\u00daBLICOS Y CR\u00c9DITO LTDA. DE ARMSTRONG<\/a><\/h3><\/div><\/div><\/div><div class=\"services-box col\"><a href=\"https:\/\/www.frro.utn.edu.ar\/contenido.php?cont=355&#038;subc=23\" target=\"_blank\"><div class=\"img-container\"><img src=\"http:\/\/igc.org.ar\/prier\/wp-content\/uploads\/2016\/10\/UTN-130x130.png\" alt=\"OBSERVATORIO DE ENERG\u00cdA Y SUSTENTABILIDAD\"\/><\/div><\/a><div class=\"services-content\"><div class=\"sc-wraper\"><h3><a href=\"https:\/\/www.frro.utn.edu.ar\/contenido.php?cont=355&#038;subc=23\" target=\"_blank\">OBSERVATORIO DE ENERG\u00cdA Y SUSTENTABILIDAD<\/a><\/h3><p>UTN FRRo<\/p><\/div><\/div><\/div><div class=\"services-box col\"><a href=\"http:\/\/www.inti.gob.ar\" target=\"_blank\"><div class=\"img-container\"><img src=\"http:\/\/igc.org.ar\/prier\/wp-content\/uploads\/2016\/10\/INTI-130x130.png\" alt=\"INSTITUTO NACIONAL DE  TECNOLOG\u00cdA INDUSTRIAL\"\/><\/div><\/a><div class=\"services-content\"><div class=\"sc-wraper\"><h3><a href=\"http:\/\/www.inti.gob.ar\" target=\"_blank\">INSTITUTO NACIONAL DE  TECNOLOG\u00cdA INDUSTRIAL<\/a><\/h3><\/div><\/div><\/div><div class=\"services-box col nomargin\"><a href=\"http:\/\/www.igc.org.ar\" target=\"_blank\"><div class=\"img-container\"><img src=\"http:\/\/igc.org.ar\/prier\/wp-content\/uploads\/2016\/10\/IGC-130x130.png\" alt=\"INSTITUTO DE GESTI\u00d3N DE CIUDADES\"\/><\/div><\/a><div class=\"services-content\"><div class=\"sc-wraper\"><h3><a href=\"http:\/\/www.igc.org.ar\" target=\"_blank\">INSTITUTO DE GESTI\u00d3N DE CIUDADES<\/a><\/h3><p>Componente de animaci\u00f3n ciudadana + Desarrollo de Comunicaci\u00f3n<\/p><\/div><\/div><\/div><div class=\"clear\"><\/div><\/div>\n<\/div><\/div>\n","protected":false},"excerpt":{"rendered":"","protected":false},"author":1,"featured_media":0,"parent":0,"menu_order":0,"comment_status":"closed","ping_status":"closed","template":"template-full-custom.php","meta":[],"_links":{"self":[{"href":"https:\/\/igc.org.ar\/prier\/wp-json\/wp\/v2\/pages\/24"}],"collection":[{"href":"https:\/\/igc.org.ar\/prier\/wp-json\/wp\/v2\/pages"}],"about":[{"href":"https:\/\/igc.org.ar\/prier\/wp-json\/wp\/v2\/types\/page"}],"author":[{"embeddable":true,"href":"https:\/\/igc.org.ar\/prier\/wp-json\/wp\/v2\/users\/1"}],"replies":[{"embeddable":true,"href":"https:\/\/igc.org.ar\/prier\/wp-json\/wp\/v2\/comments?post=24"}],"version-history":[{"count":3,"href":"https:\/\/igc.org.ar\/prier\/wp-json\/wp\/v2\/pages\/24\/revisions"}],"predecessor-version":[{"id":39,"href":"https:\/\/igc.org.ar\/prier\/wp-json\/wp\/v2\/pages\/24\/revisions\/39"}],"wp:attachment":[{"href":"https:\/\/igc.org.ar\/prier\/wp-json\/wp\/v2\/media?parent=24"}],"curies":[{"name":"wp","href":"https:\/\/api.w.org\/{rel}","templated":true}]}}