{"id":40,"date":"2016-10-11T15:19:14","date_gmt":"2016-10-11T15:19:14","guid":{"rendered":"http:\/\/igc.org.ar\/prier\/?page_id=40"},"modified":"2016-10-11T17:12:48","modified_gmt":"2016-10-11T17:12:48","slug":"preguntas-frecuentes","status":"publish","type":"page","link":"https:\/\/igc.org.ar\/prier\/preguntas-frecuentes\/","title":{"rendered":"PREGUNTAS FRECUENTES"},"content":{"rendered":"<div class=\"section-full-width section-light\" style=\"background-color:#ffffff;\" id=\"preguntasfrecuentes\"><div class=\"section-boxed\" style=\"color:#575757;\"><h2 class=\"section-title\" style=\"color:#575757;\">PREGUNTAS FRECUENTES<\/h2><div class=\"services-wrapper services-default cols-wrapper cols-2\"><div class=\"services-box col\"><div class=\"img-container\"><img src=\"http:\/\/igc.org.ar\/prier\/wp-content\/uploads\/2016\/10\/FAQ-B.jpg\" alt=\"\u00bfCU\u00c1NTA ENERG\u00cdA GENERAR\u00c1 CADA UNO DE LOS TECHOS SOLARES QUE SE INSTALAR\u00c1N?\"\/><\/div><div class=\"services-content\"><div class=\"sc-wraper\"><h3>\u00bfCU\u00c1NTA ENERG\u00cdA GENERAR\u00c1 CADA UNO DE LOS TECHOS SOLARES QUE SE INSTALAR\u00c1N?<\/h3><p>Aproximadamente un 60% del consumo de una familia tipo<\/p><\/div><\/div><\/div><div class=\"services-box col nomargin\"><div class=\"img-container\"><img src=\"http:\/\/igc.org.ar\/prier\/wp-content\/uploads\/2016\/10\/FAQ-D.jpg\" alt=\"\u00bfCU\u00c1NTA ENERG\u00cdA GENERAR\u00c1N, EN CONJUNTO, LOS TECHOS SOLARES Y LA PLANTA DE PISO?\"\/><\/div><div class=\"services-content\"><div class=\"sc-wraper\"><h3>\u00bfCU\u00c1NTA ENERG\u00cdA GENERAR\u00c1N, EN CONJUNTO, LOS TECHOS SOLARES Y LA PLANTA DE PISO?<\/h3><p>Aproximadamente un 2% del consumo de la ciudad<\/p><\/div><\/div><\/div><div class=\"services-box col\"><div class=\"img-container\"><img src=\"http:\/\/igc.org.ar\/prier\/wp-content\/uploads\/2016\/10\/FAQ-E.jpg\" alt=\"\u00bfLOS TECHOS SOLARES TIENEN POSIBILIDAD DE MOVERSE PARA APROVECHAR MEJOR EL SOL?\"\/><\/div><div class=\"services-content\"><div class=\"sc-wraper\"><h3>\u00bfLOS TECHOS SOLARES TIENEN POSIBILIDAD DE MOVERSE PARA APROVECHAR MEJOR EL SOL?<\/h3><p>En este caso se colocar\u00e1n paneles fijos.<\/p><\/div><\/div><\/div><div class=\"services-box col nomargin\"><div class=\"img-container\"><img src=\"http:\/\/igc.org.ar\/prier\/wp-content\/uploads\/2016\/10\/FAQ-A.jpg\" alt=\"\u00bfLOS TECHOS SOLARES REQUIEREN ALG\u00daN TIPO DE MANTENIMIENTO?\"\/><\/div><div class=\"services-content\"><div class=\"sc-wraper\"><h3>\u00bfLOS TECHOS SOLARES REQUIEREN ALG\u00daN TIPO DE MANTENIMIENTO?<\/h3><p>Se requiere limpieza superficial de los paneles para que no afecten su rendimiento.<\/p><\/div><\/div><\/div><div class=\"services-box col nomargin\"><div class=\"img-container\"><img src=\"http:\/\/igc.org.ar\/prier\/wp-content\/uploads\/2016\/10\/FAQ-C.jpg\" alt=\"\u00bfC\u00d3MO SE FINANCIA EL PROYECTO?\"\/><\/div><div class=\"services-content\"><div class=\"sc-wraper\"><h3>\u00bfC\u00d3MO SE FINANCIA EL PROYECTO?<\/h3><p>Costo Equipos: Agencia Nacional de Promoci\u00f3n Cient\u00edfica y Tecnol\u00f3gica\r\n<\/br>\r\nCostos desarrollo proyectos: \r\n\u2022Cooperativa El\u00e9ctrica Armstrong\r\n<\/br>\r\n\u2022Universidad Tecnol\u00f3gica Nacional\r\n<\/br>\r\n\u2022Instituto Nacional de Tecnolog\u00eda Industrial<\/p><\/div><\/div><\/div><div class=\"clear\"><\/div><\/div>\n<\/div><\/div>\n","protected":false},"excerpt":{"rendered":"","protected":false},"author":1,"featured_media":0,"parent":0,"menu_order":0,"comment_status":"closed","ping_status":"closed","template":"template-full-custom.php","meta":[],"_links":{"self":[{"href":"https:\/\/igc.org.ar\/prier\/wp-json\/wp\/v2\/pages\/40"}],"collection":[{"href":"https:\/\/igc.org.ar\/prier\/wp-json\/wp\/v2\/pages"}],"about":[{"href":"https:\/\/igc.org.ar\/prier\/wp-json\/wp\/v2\/types\/page"}],"author":[{"embeddable":true,"href":"https:\/\/igc.org.ar\/prier\/wp-json\/wp\/v2\/users\/1"}],"replies":[{"embeddable":true,"href":"https:\/\/igc.org.ar\/prier\/wp-json\/wp\/v2\/comments?post=40"}],"version-history":[{"count":3,"href":"https:\/\/igc.org.ar\/prier\/wp-json\/wp\/v2\/pages\/40\/revisions"}],"predecessor-version":[{"id":54,"href":"https:\/\/igc.org.ar\/prier\/wp-json\/wp\/v2\/pages\/40\/revisions\/54"}],"wp:attachment":[{"href":"https:\/\/igc.org.ar\/prier\/wp-json\/wp\/v2\/media?parent=40"}],"curies":[{"name":"wp","href":"https:\/\/api.w.org\/{rel}","templated":true}]}}